{"id":18,"date":"2010-02-25T23:52:05","date_gmt":"2010-02-25T23:52:05","guid":{"rendered":"http:\/\/tausendhoch3.de\/Anama\/wordpress\/?page_id=18"},"modified":"2017-03-23T21:08:14","modified_gmt":"2017-03-23T21:08:14","slug":"impressum","status":"publish","type":"page","link":"https:\/\/lockedinsyndrom.de\/?page_id=18","title":{"rendered":"Impressum"},"content":{"rendered":"<p><strong>Betreiberin dieser Webseite ist:<\/strong><\/p>\n<p>Anama Kristin Fronhoff<br \/>\nAm Pistorhof 7<br \/>\n50827 K\u00f6ln<\/p>\n<p>E-Mail: anama@netcologne.de<\/p>\n<p><strong>Haftungshinweis:<\/strong><\/p>\n<p>Trotz sorgf\u00e4ltiger inhaltlicher Kontrolle \u00fcbernehme ich keine Haftung f\u00fcr die Inhalte externer Links. F\u00fcr den Inhalt der verlinkten Seiten sind ausschlie\u00dflich deren Betreiber verantwortlich.<\/p>\n","protected":false},"excerpt":{"rendered":"<p>Betreiberin dieser Webseite ist: Anama Kristin Fronhoff Am Pistorhof 7 50827 K\u00f6ln E-Mail: anama@netcologne.de Haftungshinweis: Trotz sorgf\u00e4ltiger inhaltlicher Kontrolle \u00fcbernehme ich keine Haftung f\u00fcr die Inhalte externer Links. F\u00fcr den Inhalt der verlinkten Seiten sind ausschlie\u00dflich deren Betreiber verantwortlich.<\/p>\n","protected":false},"author":1,"featured_media":0,"parent":0,"menu_order":10,"comment_status":"closed","ping_status":"closed","template":"","meta":[],"_links":{"self":[{"href":"https:\/\/lockedinsyndrom.de\/index.php?rest_route=\/wp\/v2\/pages\/18"}],"collection":[{"href":"https:\/\/lockedinsyndrom.de\/index.php?rest_route=\/wp\/v2\/pages"}],"about":[{"href":"https:\/\/lockedinsyndrom.de\/index.php?rest_route=\/wp\/v2\/types\/page"}],"author":[{"embeddable":true,"href":"https:\/\/lockedinsyndrom.de\/index.php?rest_route=\/wp\/v2\/users\/1"}],"replies":[{"embeddable":true,"href":"https:\/\/lockedinsyndrom.de\/index.php?rest_route=%2Fwp%2Fv2%2Fcomments&post=18"}],"version-history":[{"count":4,"href":"https:\/\/lockedinsyndrom.de\/index.php?rest_route=\/wp\/v2\/pages\/18\/revisions"}],"predecessor-version":[{"id":590,"href":"https:\/\/lockedinsyndrom.de\/index.php?rest_route=\/wp\/v2\/pages\/18\/revisions\/590"}],"wp:attachment":[{"href":"https:\/\/lockedinsyndrom.de\/index.php?rest_route=%2Fwp%2Fv2%2Fmedia&parent=18"}],"curies":[{"name":"wp","href":"https:\/\/api.w.org\/{rel}","templated":true}]}}