{"id":14,"date":"2010-02-25T23:50:26","date_gmt":"2010-02-25T23:50:26","guid":{"rendered":"http:\/\/tausendhoch3.de\/Anama\/wordpress\/?page_id=14"},"modified":"2010-02-26T12:50:56","modified_gmt":"2010-02-26T12:50:56","slug":"locked-in-syndrom","status":"publish","type":"page","link":"https:\/\/lockedinsyndrom.de\/?page_id=14","title":{"rendered":"Locked-In-Syndrom"},"content":{"rendered":"<div id=\"CONTENT\">\n<p><span style=\"color: #800000;\"><strong>Medizinische Definition<\/strong><\/span><\/p>\n<p><strong> <\/strong>(engl. eingesperrt):Unf\u00e4higkeit, sich bei erhaltenem Bewusstsein sprachlich od. durch Bewegungen spontan verst\u00e4ndlich zu machen: Urs.: beidseitige Querschnittsl\u00e4sion des Tractus corticobulbaris u. Tractus corticospinalis im Bereich der Pons Varioli, z.B. bei Arteria-basilaris-Thrombose<\/p>\n<p><em>(Pschyrembel Klinisches W\u00f6rterbuch, S. 974.)<\/em><\/p>\n<p><em><br \/>\n<\/em><\/p>\n<p><strong><span style=\"color: #800000;\">Pers\u00f6nliche Definition<\/span><\/strong><\/p>\n<p><em>Das Ganze ist unverst\u00e4ndlich erkl\u00e4rt, auch wenn es sich gut anh\u00f6ren mag. Ich werde mal versuchen, es verst\u00e4ndlich zu erkl\u00e4ren. Das Hirn sendet sensorische und motorische Impulse \u00fcber die Nervenbahnen aus. Bei mir ist eine Sch\u00e4digung im Bereich des Stammhirn aufgetreten, das hei\u00dft, ich kann die motorischen Impulse von meinem Gehirn nicht mehr ad\u00e4quat an die entsprechenden Zielorgane weiterleiten. Nur meine Sensorik ist normal. Das hei\u00dft, ich kann genauso alles f\u00fchlen, wie jeder andere auch. Mein Hirn muss sich andere Bereiche suchen, um die Aufgaben erf\u00fcllen zu k\u00f6nnen. Das ist ein langwieriger Lernprozess.<\/em><em>.<\/em><em>Nach meinem Hirnstamminfarkt konnte ich ein Jahr lang nur meine Augen bewegen. Die gesamte Muskulatur war gel\u00e4hmt, auch die der Lunge. Deswegen musste ich k\u00fcnstlich beatmet werden. Eine Artikulation war nicht m\u00f6glich. Das Locked-In-Syndrom ist wie ein inneres Gef\u00e4ngnis, der K\u00f6rper die Mauer. Man ist vollkommen bewusstseinsklar, kann sich aber nicht \u00e4u\u00dfern. Das lerne ich nach und nach immer mehr.<\/em><\/p>\n<p><em><br \/>\n<\/em><\/p>\n<\/div>\n<p><span style=\"color: #800000;\"><strong>Mentales Erleben<\/strong><\/span><\/p>\n<p>Am 11.08.2000 hat es mich auch erwischt. Aus vollkommener Gesundheit heraus bin ich pl\u00f6tzlich umgefallen, war lange beatmet und bin erst Monate sp\u00e4ter aus dem Koma aufgewacht. Bis zum Realisieren meiner Lage hat es sehr lange gedauert. Wahrscheinlich sogar ein ganzes Jahr. In meinen Tr\u00e4umen war immer noch alles in Ordnung.<\/p>\n<p>Irgendwie dachte ich, es w\u00fcrde vorbei gehen. Ist es aber nicht.<\/p>\n<p>Das war erst mal ein Schock. Aber auch mit dem Locked-In-Syndrom kann man leben. Das Leben stellt sich vollkommen anders dar als vorher, ist nicht mehr zu vergleichen. Ich denke oft, ich erlebe zwei Leben in einem. Und der Rollstuhl fesselt nicht nur meinen K\u00f6rper, sondern auch meine Seele an die Erde. Es ist zur \u00e4usseren und inneren Ruhe gekommen.<\/p>\n","protected":false},"excerpt":{"rendered":"<p>Medizinische Definition (engl. eingesperrt):Unf\u00e4higkeit, sich bei erhaltenem Bewusstsein sprachlich od. durch Bewegungen spontan verst\u00e4ndlich zu machen: Urs.: beidseitige Querschnittsl\u00e4sion des Tractus corticobulbaris u. Tractus corticospinalis im Bereich der Pons Varioli, z.B. bei Arteria-basilaris-Thrombose (Pschyrembel Klinisches W\u00f6rterbuch, S. 974.) Pers\u00f6nliche Definition Das Ganze ist unverst\u00e4ndlich erkl\u00e4rt, auch wenn es sich gut anh\u00f6ren mag. Ich werde mal [&hellip;]<\/p>\n","protected":false},"author":1,"featured_media":0,"parent":0,"menu_order":1,"comment_status":"closed","ping_status":"open","template":"","meta":[],"_links":{"self":[{"href":"https:\/\/lockedinsyndrom.de\/index.php?rest_route=\/wp\/v2\/pages\/14"}],"collection":[{"href":"https:\/\/lockedinsyndrom.de\/index.php?rest_route=\/wp\/v2\/pages"}],"about":[{"href":"https:\/\/lockedinsyndrom.de\/index.php?rest_route=\/wp\/v2\/types\/page"}],"author":[{"embeddable":true,"href":"https:\/\/lockedinsyndrom.de\/index.php?rest_route=\/wp\/v2\/users\/1"}],"replies":[{"embeddable":true,"href":"https:\/\/lockedinsyndrom.de\/index.php?rest_route=%2Fwp%2Fv2%2Fcomments&post=14"}],"version-history":[{"count":2,"href":"https:\/\/lockedinsyndrom.de\/index.php?rest_route=\/wp\/v2\/pages\/14\/revisions"}],"predecessor-version":[{"id":188,"href":"https:\/\/lockedinsyndrom.de\/index.php?rest_route=\/wp\/v2\/pages\/14\/revisions\/188"}],"wp:attachment":[{"href":"https:\/\/lockedinsyndrom.de\/index.php?rest_route=%2Fwp%2Fv2%2Fmedia&parent=14"}],"curies":[{"name":"wp","href":"https:\/\/api.w.org\/{rel}","templated":true}]}}